{"id":40,"date":"2021-04-08T13:25:57","date_gmt":"2021-04-08T13:25:57","guid":{"rendered":"http:\/\/ykla.aitosalo.fi\/?page_id=40"},"modified":"2021-11-15T18:03:01","modified_gmt":"2021-11-15T16:03:01","slug":"toimintamuodot-2","status":"publish","type":"page","link":"http:\/\/13.53.96.195\/?page_id=40","title":{"rendered":"Toimintamuodot"},"content":{"rendered":"\n<hr class=\"wp-block-separator is-style-wide\"\/>\n\n\n\n<div style=\"height:25px\" aria-hidden=\"true\" class=\"wp-block-spacer\"><\/div>\n\n\n\n<p><strong>Edunvalvonta<\/strong><\/p>\n\n\n\n<p>YKLA on Lakimiesliiton ainoa yksinomaan yksityissektorin edunvalvontaa harjoittava j\u00e4senyhdistys. YKLA on vahvasti edustettuna Lakimiesliiton eri toimielimiss\u00e4 sek\u00e4 muussa AKAVA-laisessa yhteis\u00f6ss\u00e4.<br><br><strong>J\u00e4sentilaisuudet<\/strong><\/p>\n\n\n\n<p>Tutustumista j\u00e4senkuntaa kiinnostavien kohdeyritysten tai -yhteis\u00f6jen ja niiss\u00e4 toimivien lakimiesten toimintaan; alustuksia ja keskustelua juridiikan eri alueilta sek\u00e4 vapaamuotoista yhdess\u00e4oloa. J\u00e4rjest\u00e4mme my\u00f6s pienseminaareja ajankohtaisista aiheista.<br><br><strong>Yhdistyksen kokoukset<\/strong><\/p>\n\n\n\n<p>J\u00e4sen voi joko kokouksessa tai saattamalla asiansa hallituksen j\u00e4senelle tiedoksi, vaikuttaa yhdistyksen toimintaan.<br><br><strong>Opintomatkat<\/strong><\/p>\n\n\n\n<p>N\u00e4iden tarkoituksena on kartuttaa j\u00e4senist\u00f6n n\u00e4kemyst\u00e4 ja ammatillisia tietoja ja taitoja ajankohtaisten tai j\u00e4senkunnalle muuten t\u00e4rkeiden asioiden tiimoilta. Matkat ovat suuntautuneet ensisijaisesti Euroopan alueelle.<br><br><strong>J\u00e4sentiedotteet<\/strong><\/p>\n\n\n\n<p>Yhdistys tiedottaa ajankohtaisesta toiminnastaan j\u00e4senkunnalle n\u00e4iden sivujen ja j\u00e4senkirjeiden avulla.<br><br><strong>Vapaamuotoinen toiminta<\/strong><\/p>\n\n\n\n<p>Yhdistys j\u00e4rjest\u00e4\u00e4 j\u00e4senilleen vapaamuotoista toimintaa, mm. urheilu-, ulkoilu- ja kulttuuriharrastusten parissa.<\/p>\n\n\n\n<div style=\"height:25px\" aria-hidden=\"true\" class=\"wp-block-spacer\"><\/div>\n","protected":false},"excerpt":{"rendered":"<p>Edunvalvonta YKLA on Lakimiesliiton ainoa yksinomaan yksityissektorin edunvalvontaa harjoittava j\u00e4senyhdistys. YKLA on vahvasti edustettuna Lakimiesliiton eri toimielimiss\u00e4 sek\u00e4 muussa AKAVA-laisessa yhteis\u00f6ss\u00e4. J\u00e4sentilaisuudet Tutustumista j\u00e4senkuntaa kiinnostavien kohdeyritysten tai -yhteis\u00f6jen ja niiss\u00e4 toimivien lakimiesten toimintaan; alustuksia ja keskustelua juridiikan eri alueilta sek\u00e4 vapaamuotoista yhdess\u00e4oloa. J\u00e4rjest\u00e4mme my\u00f6s pienseminaareja ajankohtaisista aiheista. Yhdistyksen kokoukset J\u00e4sen voi joko kokouksessa tai saattamalla [&hellip;]<\/p>\n","protected":false},"author":1,"featured_media":0,"parent":0,"menu_order":0,"comment_status":"closed","ping_status":"closed","template":"","meta":{"_regular_price":[],"currency_symbol":[],"footnotes":""},"post_slider_layout_featured_media_urls":{"thumbnail":"","post_slider_layout_landscape_large":"","post_slider_layout_portrait_large":"","post_slider_layout_square_large":"","post_slider_layout_landscape":"","post_slider_layout_portrait":"","post_slider_layout_square":"","full":""},"_links":{"self":[{"href":"http:\/\/13.53.96.195\/index.php?rest_route=\/wp\/v2\/pages\/40"}],"collection":[{"href":"http:\/\/13.53.96.195\/index.php?rest_route=\/wp\/v2\/pages"}],"about":[{"href":"http:\/\/13.53.96.195\/index.php?rest_route=\/wp\/v2\/types\/page"}],"author":[{"embeddable":true,"href":"http:\/\/13.53.96.195\/index.php?rest_route=\/wp\/v2\/users\/1"}],"replies":[{"embeddable":true,"href":"http:\/\/13.53.96.195\/index.php?rest_route=%2Fwp%2Fv2%2Fcomments&post=40"}],"version-history":[{"count":8,"href":"http:\/\/13.53.96.195\/index.php?rest_route=\/wp\/v2\/pages\/40\/revisions"}],"predecessor-version":[{"id":296,"href":"http:\/\/13.53.96.195\/index.php?rest_route=\/wp\/v2\/pages\/40\/revisions\/296"}],"wp:attachment":[{"href":"http:\/\/13.53.96.195\/index.php?rest_route=%2Fwp%2Fv2%2Fmedia&parent=40"}],"curies":[{"name":"wp","href":"https:\/\/api.w.org\/{rel}","templated":true}]}}